{"id":9701,"date":"2018-11-26T20:40:21","date_gmt":"2018-11-26T19:40:21","guid":{"rendered":"http:\/\/www.tugtowing.cz\/?page_id=9701"},"modified":"2019-09-25T19:34:37","modified_gmt":"2019-09-25T18:34:37","slug":"tug-towing-cup-2019","status":"publish","type":"page","link":"https:\/\/www.tugtowing.cz\/?page_id=9701","title":{"rendered":"Tug Towing Cup 2019"},"content":{"rendered":"<p>Tug Towing Cup je seri\u00e1l vybran\u00fdch regat v tug towingu. V\u00fdsledky t\u011bchto regat se zapo\u010d\u00edt\u00e1vaj\u00ed do tzv. <em>\u201epoh\u00e1ru\u201c<\/em>. T\u00fdm, kter\u00fd z t\u011bchto regat z\u00edsk\u00e1 nejv\u00edce bod\u016f, z\u00edsk\u00e1v\u00e1 presti\u017en\u00ed titul <strong>\u201e\u0160ampi\u00f3n v Tug Towingu\u201c<\/strong> a putovn\u00ed poh\u00e1r.<\/p>\n<p><a href=\"https:\/\/www.tugtowing.cz\/?page_id=9715\">Pravidla TTC 2019<\/a><\/p>\n<p style=\"text-align: center;\">&nbsp;<br \/>\n<img decoding=\"async\" class=\"ngg-singlepic ngg-center aligncenter\" src=\"https:\/\/www.tugtowing.cz\/wp-content\/uploads\/loga\/logoTTC2019.png\" alt=\"logoTTC2019\"><br \/>\n<em>Logo Tug Towing Cup 2019<\/em><\/p>\n<p><strong>Regaty zapo\u010d\u00edt\u00e1van\u00e9 do poh\u00e1ru<\/strong><\/p>\n<p>23.02.2019 \u2013 24.02.2019 \u2013 1. regata: <a href=\"https:\/\/www.tugtowing.cz\/?page_id=9720\"><strong>Zimn\u00ed regata<\/strong><\/a>, Most (potvrzeno v\u010detn\u011b ubytov\u00e1n\u00ed)<br \/>\n17.05.2019 \u2013 19.05.2019 \u2013 2. regata: <a href=\"https:\/\/www.tugtowing.cz\/?page_id=9820\"><strong>V\u00edkend s Tug Towingem<\/strong><\/a>, Bu\u0148kov (potvrzeno&nbsp;v\u010detn\u011b ubytov\u00e1n\u00ed)<br \/>\n14.06.2019 &#8211; 16.06.2019 \u2013 3. regata: <a href=\"https:\/\/www.tugtowing.cz\/?page_id=9861\"><strong>Cab\u016fv memori\u00e1l<\/strong><\/a>, Protivanov (potvrzeno v\u010detn\u011b ubytov\u00e1n\u00ed)<br \/>\n13.09.2019 \u2013 15.09.2019 \u2013 4. regata: <a href=\"https:\/\/www.tugtowing.cz\/?page_id=9978\"><strong>P\u0159\u00edbramsk\u00fd soudek<\/strong><\/a>, P\u0159\u00edbram (potvrzeno v\u010detn\u011b ubytov\u00e1n\u00ed!)<\/p>\n<p style=\"text-align: center;\"><strong>V\u00fdsledky Tug Towing Cup 2019<\/strong><\/p>\n<p style=\"text-align: center;\"><a href=\"https:\/\/www.tugtowing.cz\/?page_id=2922\">Tabulka<\/a><\/p>\n<p style=\"text-align: center;\">Kategorie:&nbsp;<strong>tla\u010dn\u00e9 remork\u00e9ry \u2013 jedno\u0161roub\u00e9<\/strong><\/p>\n<p style=\"text-align: center;\">Celkov\u00fdm v\u00edt\u011bzem t\u00e9to kategorie se stal t\u00fdm<\/p>\n<p style=\"text-align: center;\"><img loading=\"lazy\" decoding=\"async\" src=\"https:\/\/www.tugtowing.cz\/wp-content\/uploads\/default\/poharobrazek.jpg\" alt=\"poharobrazek\" width=\"73\" height=\"91\"><\/p>\n<p style=\"text-align: center;\"><strong>Tla\u010dmen<br \/>\n<\/strong><\/p>\n<p style=\"text-align: center;\">remork\u00e9r: Tla\u010dmen<br \/>\nkapit\u00e1n: <strong>Liberk<br \/>\n<\/strong><\/p>\n<p style=\"text-align: center;\">2. m\u00edsto: t\u00fdm Se\u0161up<br \/>\n3.m\u00edsto: t\u00fdm Pandora<\/p>\n<p style=\"text-align: center;\">Kategorie:&nbsp;<strong>tla\u010dn\u00e9 remork\u00e9ry -v\u00edce\u0161roub\u00e9<\/strong><\/p>\n<p style=\"text-align: center;\">Celkov\u00fdm v\u00edt\u011bzem t\u00e9to kategorie se stal t\u00fdm<\/p>\n<p style=\"text-align: center;\"><img loading=\"lazy\" decoding=\"async\" src=\"https:\/\/www.tugtowing.cz\/wp-content\/uploads\/default\/poharobrazek.jpg\" alt=\"poharobrazek\" width=\"73\" height=\"91\"><\/p>\n<p style=\"text-align: center;\"><strong>B3<br \/>\n<\/strong><\/p>\n<p style=\"text-align: center;\">remork\u00e9r: B3<br \/>\nkapit\u00e1n: <strong>Maro\u0161<br \/>\n<\/strong><\/p>\n<p style=\"text-align: center;\">2.m\u00edsto: t\u00fdm Fi\u010d\u00e1k<br \/>\n3.m\u00edsto: t\u00fdm White Star<\/p>\n<p style=\"text-align: center;\">Kategorie:&nbsp;<strong>lehk\u00fd tug towing<\/strong><\/p>\n<p style=\"text-align: center;\">Celkov\u00fdm v\u00edt\u011bzem t\u00e9to kategorie se stal t\u00fdm<\/p>\n<p style=\"text-align: center;\"><img loading=\"lazy\" decoding=\"async\" src=\"https:\/\/www.tugtowing.cz\/wp-content\/uploads\/default\/poharobrazek.jpg\" alt=\"poharobrazek\" width=\"73\" height=\"91\"><\/p>\n<p style=\"text-align: center;\"><strong>B\u00e9\u010dka<br \/>\n<\/strong><\/p>\n<p style=\"text-align: center;\">remork\u00e9ry: B3, Smit Bison<br \/>\nkapit\u00e1ni:<strong> Maro\u0161, MSOB<br \/>\n<\/strong><\/p>\n<p style=\"text-align: center;\">2.m\u00edsto: t\u00fdm F\u00f3gli<br \/>\n3.m\u00edsto: t\u00fdm Lom\u00edtka<\/p>\n<p style=\"text-align: center;\">Kategorie:&nbsp;<strong>t\u011b\u017ek\u00fd tug towing<\/strong><\/p>\n<p style=\"text-align: center;\">Celkov\u00fd v\u00edt\u011bz t\u00e9to kategorie nebyl stanoven.<\/p>\n<p style=\"text-align: center;\"><img loading=\"lazy\" decoding=\"async\" src=\"https:\/\/www.tugtowing.cz\/wp-content\/uploads\/default\/poharobrazek.jpg\" alt=\"poharobrazek\" width=\"73\" height=\"91\"><\/p>\n<h3 style=\"text-align: center;\">V\u0161em v\u00edt\u011bz\u016fm srde\u010dn\u011b blahop\u0159ejeme!<\/h3>\n<h3 style=\"text-align: center;\">&nbsp;<\/h3>\n<p>[nggallery id=13]<br \/>\n&nbsp;<\/p>\n","protected":false},"excerpt":{"rendered":"<p>Tug Towing Cup je seri\u00e1l vybran\u00fdch regat v tug towingu. V\u00fdsledky t\u011bchto regat se zapo\u010d\u00edt\u00e1vaj\u00ed do tzv. \u201epoh\u00e1ru\u201c. T\u00fdm, kter\u00fd z t\u011bchto regat z\u00edsk\u00e1 nejv\u00edce bod\u016f, z\u00edsk\u00e1v\u00e1 presti\u017en\u00ed titul \u201e\u0160ampi\u00f3n v Tug Towingu\u201c a putovn\u00ed poh\u00e1r. Pravidla TTC 2019 &nbsp; Logo Tug Towing Cup 2019 Regaty zapo\u010d\u00edt\u00e1van\u00e9 do poh\u00e1ru 23.02.2019 \u2013 24.02.2019 \u2013 1. regata: [&hellip;]<\/p>\n","protected":false},"author":2,"featured_media":0,"parent":2,"menu_order":37,"comment_status":"closed","ping_status":"closed","template":"","meta":{"footnotes":""},"class_list":["post-9701","page","type-page","status-publish","hentry"],"_links":{"self":[{"href":"https:\/\/www.tugtowing.cz\/index.php?rest_route=\/wp\/v2\/pages\/9701","targetHints":{"allow":["GET"]}}],"collection":[{"href":"https:\/\/www.tugtowing.cz\/index.php?rest_route=\/wp\/v2\/pages"}],"about":[{"href":"https:\/\/www.tugtowing.cz\/index.php?rest_route=\/wp\/v2\/types\/page"}],"author":[{"embeddable":true,"href":"https:\/\/www.tugtowing.cz\/index.php?rest_route=\/wp\/v2\/users\/2"}],"replies":[{"embeddable":true,"href":"https:\/\/www.tugtowing.cz\/index.php?rest_route=%2Fwp%2Fv2%2Fcomments&post=9701"}],"version-history":[{"count":0,"href":"https:\/\/www.tugtowing.cz\/index.php?rest_route=\/wp\/v2\/pages\/9701\/revisions"}],"up":[{"embeddable":true,"href":"https:\/\/www.tugtowing.cz\/index.php?rest_route=\/wp\/v2\/pages\/2"}],"wp:attachment":[{"href":"https:\/\/www.tugtowing.cz\/index.php?rest_route=%2Fwp%2Fv2%2Fmedia&parent=9701"}],"curies":[{"name":"wp","href":"https:\/\/api.w.org\/{rel}","templated":true}]}}