{"id":9820,"date":"2019-04-18T09:53:35","date_gmt":"2019-04-18T08:53:35","guid":{"rendered":"http:\/\/www.tugtowing.cz\/?page_id=9820"},"modified":"2019-05-23T09:16:49","modified_gmt":"2019-05-23T08:16:49","slug":"vikend-s-tt-bunkov","status":"publish","type":"page","link":"https:\/\/www.tugtowing.cz\/?page_id=9820","title":{"rendered":"V\u00edkend s TT &#8211; Bu\u0148kov"},"content":{"rendered":"<p style=\"text-align: center;\"><a href=\"https:\/\/www.tugtowing.cz\/?p=9824\">Propozice<\/a><\/p>\n<p style=\"text-align: center;\"><a href=\"https:\/\/www.tugtowing.cz\/?p=9836\">Pl\u00e1nky trat\u00ed<\/a><\/p>\n<p style=\"text-align: center;\"><a href=\"https:\/\/www.tugtowing.cz\/?p=9855\">Report\u00e1\u017e<\/a><\/p>\n<p style=\"text-align: center;\"><a href=\"https:\/\/www.tugtowing.cz\/?p=9855\">Foto<\/a><\/p>\n<p style=\"text-align: center;\">V\u00fdsledky &#8211; <em>regata byla zru\u0161ena<\/em><\/p>\n<p style=\"text-align: center;\"><a href=\"https:\/\/www.tugtowing.cz\/?p=9855\">Video<\/a><\/p>\n<p style=\"text-align: center;\">Z\u00e1pisy j\u00edzd: <em>regata byla zru\u0161ena<\/em><\/p>\n<p>&nbsp;<\/p>\n","protected":false},"excerpt":{"rendered":"<p>Propozice Pl\u00e1nky trat\u00ed Report\u00e1\u017e Foto V\u00fdsledky &#8211; regata byla zru\u0161ena Video Z\u00e1pisy j\u00edzd: regata byla zru\u0161ena &nbsp;<\/p>\n","protected":false},"author":2,"featured_media":0,"parent":9701,"menu_order":3,"comment_status":"closed","ping_status":"closed","template":"","meta":{"footnotes":""},"class_list":["post-9820","page","type-page","status-publish","hentry"],"_links":{"self":[{"href":"https:\/\/www.tugtowing.cz\/index.php?rest_route=\/wp\/v2\/pages\/9820","targetHints":{"allow":["GET"]}}],"collection":[{"href":"https:\/\/www.tugtowing.cz\/index.php?rest_route=\/wp\/v2\/pages"}],"about":[{"href":"https:\/\/www.tugtowing.cz\/index.php?rest_route=\/wp\/v2\/types\/page"}],"author":[{"embeddable":true,"href":"https:\/\/www.tugtowing.cz\/index.php?rest_route=\/wp\/v2\/users\/2"}],"replies":[{"embeddable":true,"href":"https:\/\/www.tugtowing.cz\/index.php?rest_route=%2Fwp%2Fv2%2Fcomments&post=9820"}],"version-history":[{"count":0,"href":"https:\/\/www.tugtowing.cz\/index.php?rest_route=\/wp\/v2\/pages\/9820\/revisions"}],"up":[{"embeddable":true,"href":"https:\/\/www.tugtowing.cz\/index.php?rest_route=\/wp\/v2\/pages\/9701"}],"wp:attachment":[{"href":"https:\/\/www.tugtowing.cz\/index.php?rest_route=%2Fwp%2Fv2%2Fmedia&parent=9820"}],"curies":[{"name":"wp","href":"https:\/\/api.w.org\/{rel}","templated":true}]}}